{"id":33,"date":"2017-07-19T05:42:52","date_gmt":"2017-07-19T05:42:52","guid":{"rendered":"http:\/\/www.lwo.lu\/?page_id=33"},"modified":"2019-03-16T18:04:05","modified_gmt":"2019-03-16T17:04:05","slug":"luxembourg-wind-orchesrra","status":"publish","type":"page","link":"https:\/\/www.lwo.lu\/cms-site\/luxembourg-wind-orchesrra\/","title":{"rendered":"Luxembourg Wind Orchestra"},"content":{"rendered":"<p><img loading=\"lazy\" decoding=\"async\" class=\"wp-image-100 alignleft\" src=\"https:\/\/www.lwo.lu\/cms-site\/wp-content\/uploads\/2017\/10\/IMG_5876.jpg\" alt=\"\" width=\"149\" height=\"149\" srcset=\"https:\/\/www.lwo.lu\/cms-site\/wp-content\/uploads\/2017\/10\/IMG_5876.jpg 960w, https:\/\/www.lwo.lu\/cms-site\/wp-content\/uploads\/2017\/10\/IMG_5876-150x150.jpg 150w, https:\/\/www.lwo.lu\/cms-site\/wp-content\/uploads\/2017\/10\/IMG_5876-300x300.jpg 300w, https:\/\/www.lwo.lu\/cms-site\/wp-content\/uploads\/2017\/10\/IMG_5876-768x768.jpg 768w\" sizes=\"auto, (max-width: 149px) 100vw, 149px\" \/><\/p>\n<p>D\u2019 Luxembourg Wind Orchestra a.s.b.l. ass 2017 vun e puer Kollege\u00a0gegr\u00ebnnt ginn. De\u00a0<span class=\"eifeler_regel\" title=\"Philippen\">Philippe<\/span> Noesen, Eric Engel, Marc Mollitor an Thierry Majerus hun sech als Ziel\u00a0vun d\u00ebsem Projetorchester gesat, de\u00a0Museksenseignant\u2019en d\u2019Chance ze ginn, op professionellem Niveau an engem Blosorchester ze spillen.<\/p>\n<p>Ausserdeem bitt d\u00ebsen Orchester d\u2019M\u00e9iglechkeet, d\u2019Zesummenaarbecht zw\u00ebschen Enseignant\u2019en, Milit\u00e4rmuseker, Museker\u00a0aus dem OPL a\u00a0vereenzelten Amateur\u2019en ze intensiv\u00e9ieren.<\/p>\n<p>D\u2019Bloosmusek am L\u00ebtzebuerger Land soll och duerch d\u00ebsen Orchester nach m\u00e9i popul\u00e4r ginn\u00a0an och am Ausland sech e Numm maachen.<\/p>\n\n\n<figure class=\"wp-block-embed-youtube wp-block-embed is-type-video is-provider-youtube wp-embed-aspect-16-9 wp-has-aspect-ratio\"><div class=\"wp-block-embed__wrapper\">\n<div class=\"epyt-video-wrapper\"><iframe loading=\"lazy\"  id=\"_ytid_91419\"  width=\"3840\" height=\"2160\"  data-origwidth=\"3840\" data-origheight=\"2160\" src=\"https:\/\/www.youtube.com\/embed\/XcpdZ0eC_vw?enablejsapi=1&#038;autoplay=0&#038;cc_load_policy=0&#038;cc_lang_pref=&#038;iv_load_policy=1&#038;loop=0&#038;rel=1&#038;fs=1&#038;playsinline=1&#038;autohide=2&#038;theme=dark&#038;color=red&#038;controls=1&#038;disablekb=0&#038;\" class=\"__youtube_prefs__  epyt-is-override  no-lazyload\" title=\"YouTube player\"  allow=\"fullscreen; accelerometer; autoplay; clipboard-write; encrypted-media; gyroscope; picture-in-picture; web-share\" referrerpolicy=\"strict-origin-when-cross-origin\" allowfullscreen data-no-lazy=\"1\" data-skipgform_ajax_framebjll=\"\"><\/iframe><\/div>\n<\/div><figcaption>Teaser LWO<\/figcaption><\/figure>\n","protected":false},"excerpt":{"rendered":"<p>D\u2019 Luxembourg Wind Orchestra a.s.b.l. ass 2017 vun e puer Kollege\u00a0gegr\u00ebnnt ginn. De\u00a0Philippe Noesen, Eric Engel, Marc Mollitor an Thierry Majerus hun sech als Ziel\u00a0vun d\u00ebsem Projetorchester gesat, de\u00a0Museksenseignant\u2019en d\u2019Chance&nbsp;&hellip;<\/p>\n","protected":false},"author":2,"featured_media":100,"parent":0,"menu_order":0,"comment_status":"closed","ping_status":"closed","template":"","meta":{"h5ap_radio_sources":[],"footnotes":""},"class_list":["post-33","page","type-page","status-publish","has-post-thumbnail","hentry"],"_links":{"self":[{"href":"https:\/\/www.lwo.lu\/cms-site\/wp-json\/wp\/v2\/pages\/33","targetHints":{"allow":["GET"]}}],"collection":[{"href":"https:\/\/www.lwo.lu\/cms-site\/wp-json\/wp\/v2\/pages"}],"about":[{"href":"https:\/\/www.lwo.lu\/cms-site\/wp-json\/wp\/v2\/types\/page"}],"author":[{"embeddable":true,"href":"https:\/\/www.lwo.lu\/cms-site\/wp-json\/wp\/v2\/users\/2"}],"replies":[{"embeddable":true,"href":"https:\/\/www.lwo.lu\/cms-site\/wp-json\/wp\/v2\/comments?post=33"}],"version-history":[{"count":13,"href":"https:\/\/www.lwo.lu\/cms-site\/wp-json\/wp\/v2\/pages\/33\/revisions"}],"predecessor-version":[{"id":342,"href":"https:\/\/www.lwo.lu\/cms-site\/wp-json\/wp\/v2\/pages\/33\/revisions\/342"}],"wp:featuredmedia":[{"embeddable":true,"href":"https:\/\/www.lwo.lu\/cms-site\/wp-json\/wp\/v2\/media\/100"}],"wp:attachment":[{"href":"https:\/\/www.lwo.lu\/cms-site\/wp-json\/wp\/v2\/media?parent=33"}],"curies":[{"name":"wp","href":"https:\/\/api.w.org\/{rel}","templated":true}]}}