{"id":70,"date":"2017-10-13T09:35:09","date_gmt":"2017-10-13T09:35:09","guid":{"rendered":"http:\/\/www.lwo.lu\/?page_id=70"},"modified":"2018-11-15T16:53:29","modified_gmt":"2018-11-15T15:53:29","slug":"dirigent-2","status":"publish","type":"page","link":"https:\/\/www.lwo.lu\/cms-site\/dirigent-2\/","title":{"rendered":"Dirigent"},"content":{"rendered":"<p><img loading=\"lazy\" decoding=\"async\" class=\"aligncenter wp-image-112 size-large\" src=\"https:\/\/www.lwo.lu\/cms-site\/wp-content\/uploads\/2017\/10\/1064_Luxembourg_Wind_Orchestra_concert_d_inauguration-1024x683.jpg\" alt=\"\" width=\"1024\" height=\"683\" srcset=\"https:\/\/www.lwo.lu\/cms-site\/wp-content\/uploads\/2017\/10\/1064_Luxembourg_Wind_Orchestra_concert_d_inauguration-1024x683.jpg 1024w, https:\/\/www.lwo.lu\/cms-site\/wp-content\/uploads\/2017\/10\/1064_Luxembourg_Wind_Orchestra_concert_d_inauguration-300x200.jpg 300w, https:\/\/www.lwo.lu\/cms-site\/wp-content\/uploads\/2017\/10\/1064_Luxembourg_Wind_Orchestra_concert_d_inauguration-768x512.jpg 768w, https:\/\/www.lwo.lu\/cms-site\/wp-content\/uploads\/2017\/10\/1064_Luxembourg_Wind_Orchestra_concert_d_inauguration-450x300.jpg 450w\" sizes=\"auto, (max-width: 1024px) 100vw, 1024px\" \/><\/p>\n<p><span lang=\"DE-LU\">De Philippe Noesen huet seng musikalesch Lafbunn\u00a0zu P\u00e9iteng\u00a0an der Museksschoul\u00a0ugefaangen.<\/span><\/p>\n<p><span lang=\"DE-LU\">Sp\u00e9ider ass hien an de Stater Conservatoire gewiesselt, wou hien an der Klass vum Paul Mootz en Dipl\u00f4me Sup\u00e9rieur an der Perkussioun an an der Kammermusek\u00a0kritt huet. Ausserdeem\u00a0huet hien am selwechten Haus Batterie, Uergel, Piano, Dechiffrage, Harmonie, Orchestratioun, P\u00e9dagogie, Methodologie\u00a0an Chouerdirektioun gemaach. Hien huet dann och 2016 s\u00e4in Dipl\u00f4me Sup\u00e9rieur an der Orchesterdirektioun mat der Milit\u00e4rmusek gemaach.<\/span><\/p>\n<p><span lang=\"DE-LU\">Am September 2017 huet hien zu Mannheim op der Museksh\u00e9ichschoul\u00a0beim H\u00e4r Toni Scholl en Direktiounsstudium fir Blosorchester ugefaangen an perfektion\u00e9iert sech do iwwer d\u00e9i n\u00e4chst Joren\u00a0weider an prepar\u00e9iert domatten\u00a0s\u00e4in Bachelor.<\/span><span lang=\"DE-LU\">\u00a0<\/span><\/p>\n<p><span lang=\"DE-LU\">Seng berufflech Lafbunn\u00a0huet hien am September 2008 ugefaangen, andeems en d\u2019Grondausbildung fir d\u2019Arm\u00e9i gaangen ass an z\u00ebnter Januar 2009 d\u2019Perkussiounsreg\u00ebster vun der Milit\u00e4rmusek\u00a0verst\u00e4erkt.<\/span><\/p>\n<p><span lang=\"DE-LU\">S\u00e4it 2016 Joer\u00a0huet hien och de Posten vum \u00e9ischten Drum Major vun der L\u00ebtzebuerger Milit\u00e4rmusek\u00a0ageholl an f\u00e9iert d\u00ebs bei offiziellen Zeremonien iwwer d\u2019Strooss un.<\/span><\/p>\n<p><span lang=\"DE-LU\">W\u00e4hrend e puer Joer\u00a0war hien och Charg\u00e9 bei der UGDA. Bis haut ass hien nach \u00ebmmer\u00a0als Charg\u00e9 beim NYWOL, dem National Youth Wind Orchestra Luxembourg, dob\u00e4i.<\/span><\/p>\n<p><span lang=\"DE-LU\">Desw\u00e9ideren ass hien Dirigent vun der Keespelter Musek, Tresorier\u00a0bei International Percussion Competition Luxembourg (IPCL) an Member vun Axent.<\/span><\/p>\n","protected":false},"excerpt":{"rendered":"<p>De Philippe Noesen huet seng musikalesch Lafbunn\u00a0zu P\u00e9iteng\u00a0an der Museksschoul\u00a0ugefaangen. Sp\u00e9ider ass hien an de Stater Conservatoire gewiesselt, wou hien an der Klass vum Paul Mootz en Dipl\u00f4me Sup\u00e9rieur an&nbsp;&hellip;<\/p>\n","protected":false},"author":2,"featured_media":0,"parent":0,"menu_order":0,"comment_status":"closed","ping_status":"closed","template":"","meta":{"h5ap_radio_sources":[],"footnotes":""},"class_list":["post-70","page","type-page","status-publish","hentry"],"_links":{"self":[{"href":"https:\/\/www.lwo.lu\/cms-site\/wp-json\/wp\/v2\/pages\/70","targetHints":{"allow":["GET"]}}],"collection":[{"href":"https:\/\/www.lwo.lu\/cms-site\/wp-json\/wp\/v2\/pages"}],"about":[{"href":"https:\/\/www.lwo.lu\/cms-site\/wp-json\/wp\/v2\/types\/page"}],"author":[{"embeddable":true,"href":"https:\/\/www.lwo.lu\/cms-site\/wp-json\/wp\/v2\/users\/2"}],"replies":[{"embeddable":true,"href":"https:\/\/www.lwo.lu\/cms-site\/wp-json\/wp\/v2\/comments?post=70"}],"version-history":[{"count":6,"href":"https:\/\/www.lwo.lu\/cms-site\/wp-json\/wp\/v2\/pages\/70\/revisions"}],"predecessor-version":[{"id":233,"href":"https:\/\/www.lwo.lu\/cms-site\/wp-json\/wp\/v2\/pages\/70\/revisions\/233"}],"wp:attachment":[{"href":"https:\/\/www.lwo.lu\/cms-site\/wp-json\/wp\/v2\/media?parent=70"}],"curies":[{"name":"wp","href":"https:\/\/api.w.org\/{rel}","templated":true}]}}