{"id":90,"date":"2017-10-13T13:21:38","date_gmt":"2017-10-13T13:21:38","guid":{"rendered":"http:\/\/www.lwo.lu\/?page_id=90"},"modified":"2019-03-12T16:43:58","modified_gmt":"2019-03-12T15:43:58","slug":"presse","status":"publish","type":"page","link":"https:\/\/www.lwo.lu\/cms-site\/presse\/","title":{"rendered":"Presse"},"content":{"rendered":"<ul>\n<li>Den Artikel iwwert eisen Neijoersconcert den 12. Januar 2019 am Cercle Cit\u00e9:<\/li>\n<\/ul>\n<p style=\"padding-left: 40px;\"><a href=\"https:\/\/www.wort.lu\/fr\/mywort\/luxemburg-stadt\/news\/2019-01-12-luxembourg-wind-orchestra-concert-de-nouvel-an-2019-cercle-cite-5c3c83adda2cc1784e33b91e\" target=\"_blank\" rel=\"noopener noreferrer\">https:\/\/www.wort.lu\/fr\/mywort\/luxemburg-stadt\/news\/2019-01-12-luxembourg-wind-orchestra-concert-de-nouvel-an-2019-cercle-cite-5c3c83adda2cc1784e33b91e<\/a><\/p>\n<hr>\n<ul>\n<li>Den Neijoersconcert vum Luxembourg Wind Orchestra den 6. Januar 2018 um 20.00 Auer am Cercle Cit\u00e9.<\/li>\n<\/ul>\n<p style=\"padding-left: 40px;\">&nbsp;<a href=\"https:\/\/www.100komma7.lu\/program\/episode\/185750\/201801051440-201801051445\">https:\/\/www.100komma7.lu\/program\/episode\/185750\/201801051440-201801051445<\/a><\/p>\n<hr>\n<ul>\n<li>Eisen Dirigent den Philippe Noesen w\u00e4r M\u00ebttwochs, den 4. Oktober 2017 Invit\u00e9 op RTL am Planet People. Hei fann dir de Link:<\/li>\n<\/ul>\n<p style=\"padding-left: 40px;\"><a href=\"http:\/\/tele.rtl.lu\/emissiounen\/live-planet-people\/3105129.html\">http:\/\/tele.rtl.lu\/emissiounen\/live-planet-people\/3105129.html<\/a><\/p>\n<hr>\n<ul>\n<li>M\u00ebttwoch, den 4. Oktober 2017 am Wort:<\/li>\n<\/ul>\n<p><img loading=\"lazy\" decoding=\"async\" class=\"wp-image-94 size-full\" src=\"https:\/\/www.lwo.lu\/cms-site\/wp-content\/uploads\/2017\/10\/IMG_5498.jpg\" alt=\"\" width=\"750\" height=\"763\" srcset=\"https:\/\/www.lwo.lu\/cms-site\/wp-content\/uploads\/2017\/10\/IMG_5498.jpg 750w, https:\/\/www.lwo.lu\/cms-site\/wp-content\/uploads\/2017\/10\/IMG_5498-295x300.jpg 295w\" sizes=\"auto, (max-width: 750px) 100vw, 750px\" \/><\/p>\n\n\n<p><\/p>\n","protected":false},"excerpt":{"rendered":"<p>Den Artikel iwwert eisen Neijoersconcert den 12. Januar 2019 am Cercle Cit\u00e9: https:\/\/www.wort.lu\/fr\/mywort\/luxemburg-stadt\/news\/2019-01-12-luxembourg-wind-orchestra-concert-de-nouvel-an-2019-cercle-cite-5c3c83adda2cc1784e33b91e Den Neijoersconcert vum Luxembourg Wind Orchestra den 6. Januar 2018 um 20.00 Auer am Cercle Cit\u00e9. &nbsp;https:\/\/www.100komma7.lu\/program\/episode\/185750\/201801051440-201801051445&nbsp;&hellip;<\/p>\n","protected":false},"author":2,"featured_media":0,"parent":0,"menu_order":0,"comment_status":"closed","ping_status":"closed","template":"","meta":{"h5ap_radio_sources":[],"footnotes":""},"class_list":["post-90","page","type-page","status-publish","hentry"],"_links":{"self":[{"href":"https:\/\/www.lwo.lu\/cms-site\/wp-json\/wp\/v2\/pages\/90","targetHints":{"allow":["GET"]}}],"collection":[{"href":"https:\/\/www.lwo.lu\/cms-site\/wp-json\/wp\/v2\/pages"}],"about":[{"href":"https:\/\/www.lwo.lu\/cms-site\/wp-json\/wp\/v2\/types\/page"}],"author":[{"embeddable":true,"href":"https:\/\/www.lwo.lu\/cms-site\/wp-json\/wp\/v2\/users\/2"}],"replies":[{"embeddable":true,"href":"https:\/\/www.lwo.lu\/cms-site\/wp-json\/wp\/v2\/comments?post=90"}],"version-history":[{"count":18,"href":"https:\/\/www.lwo.lu\/cms-site\/wp-json\/wp\/v2\/pages\/90\/revisions"}],"predecessor-version":[{"id":301,"href":"https:\/\/www.lwo.lu\/cms-site\/wp-json\/wp\/v2\/pages\/90\/revisions\/301"}],"wp:attachment":[{"href":"https:\/\/www.lwo.lu\/cms-site\/wp-json\/wp\/v2\/media?parent=90"}],"curies":[{"name":"wp","href":"https:\/\/api.w.org\/{rel}","templated":true}]}}